{"id":3539,"date":"2022-05-24T17:15:09","date_gmt":"2022-05-24T15:15:09","guid":{"rendered":"https:\/\/www.hotel-mario.com\/privacy-policy\/"},"modified":"2023-05-29T12:46:37","modified_gmt":"2023-05-29T10:46:37","slug":"privacy-policy","status":"publish","type":"page","link":"https:\/\/www.hotel-mario.com\/de\/privacy-policy\/","title":{"rendered":"Privacy Policy"},"content":{"rendered":"\n<p><strong>Informativa ex art. 13 Reg. 679\/2016 UE<\/strong><\/p>\n\n\n\n<p>Gentile Signore\/a,<\/p>\n\n\n\n<p>Ai sensi del Regolamento 679\/2016 UE, nonch\u00e9 ai sensi del Provvedimento in materia di cookie n. 229 dell\u20198 maggio 2014, si desidera informare i visitatori del sito circa l\u2019utilizzo dei dati inseriti e dei cookie utilizzati dal sito stesso. L\u2019informativa \u00e8 resa anche ai sensi della Raccomandazione n. 2\/2001 adottata dal Gruppo di lavoro istituito dall\u2019art. 29 della direttiva n. 95\/46\/CE. a coloro che interagiscono con i servizi web di questo sito, al fine della protezione dei dati personali, accessibili per via telematica a partire dall&#8217;indirizzo. Utilizzando uno qualsiasi dei nostri servizi e\/o accettando la presente Informativa, per esempio nell&#8217;ambito della registrazione a uno dei nostri servizi, acconsenti alla raccolta e all&#8217;uso delle Informazioni personali come descritto nella presente Informativa.<\/p>\n\n\n\n<p>Secondo la normativa indicata, tale trattamento sar\u00e0 improntato ai principi di correttezza, liceit\u00e0 e trasparenza e di tutela della Sua riservatezza e dei Suoi diritti.<\/p>\n\n\n\n<p>Pertanto, Le forniamo le seguenti informazioni:<\/p>\n\n\n\n<p>Informazioni personali che raccogliamo:<\/p>\n\n\n\n<p>Le informazioni personali che raccogliamo includono:<\/p>\n\n\n\n<p>Il tuo nome e cognome, l&#8217;indirizzo e-mail, il numero di telefono e l&#8217;indirizzo di casa;<\/p>\n\n\n\n<p>Informazioni sui tuoi soggiorni, incluse le date di arrivo e partenza, le richieste speciali e le tue preferenze sui servizi (preferenza su camere, servizi o altro);<\/p>\n\n\n\n<p>Informazioni che fornisci a proposito delle tue preferenze di marketing o offerte promozionali;<\/p>\n\n\n\n<p>Informazioni che raccogliamo presso la propriet\u00e0:<\/p>\n\n\n\n<p>Raccogliamo ulteriori informazioni personali durante la registrazione\/il check-in presso la nostra struttura alberghiera , tra cui le informazioni richieste dalle leggi locali.<\/p>\n\n\n\n<p>Informazioni che raccogliamo da terze parti:<\/p>\n\n\n\n<p>Possiamo anche raccogliere informazioni su di te da terze parti, fra cui informazioni dai nostri partner (agenzie di viaggio, compagnie aeree, carte di pagamento) e da altri partner; dai servizi di social media coerentemente con le tue impostazioni su tali servizi; e da fonti di terze parti.<\/p>\n\n\n\n<p>Informazioni che raccogliamo automaticamente:<\/p>\n\n\n\n<p>Quando usi il nostro sito, raccogliamo automaticamente informazioni, alcune delle quali potrebbero essere dati personali. Per esempio: le impostazioni sulla lingua, l&#8217;indirizzo IP, la posizione, le impostazioni del dispositivo, il sistema operativo del dispositivo, le informazioni sui log-in, il tempo di utilizzo, l&#8217;URL richiesto, il rapporto sullo status, gli user agent (come le informazioni sulla versione del browser), la cronologia della navigazione, il risultato (visita o prenotazione), il codice di prenotazione dell&#8217;utente, il tipo di informazioni viste. Potremmo anche raccogliere dati automaticamente tramite i cookie. I dati potrebbero, altres\u00ec, essere utilizzati per l\u2019accertamento di responsabilit\u00e0 in caso di ipotetici reati informatici ai danni del sito.<\/p>\n\n\n\n<p><strong>1. I dati da Lei forniti verranno trattati per le seguenti finalit\u00e0:<\/strong><\/p>\n\n\n\n<p>I dati personali di contatto forniti saranno utilizzati esclusivamente per espletare i servizi richiesti nel messaggio compilato dall\u2019utente.<\/p>\n\n\n\n<p>I sistemi informatici e le procedure software preposte al funzionamento di questo sito web acquisiscono, nel corso del loro normale esercizio alcuni dati personali la cui trasmissione \u00e8 implicita nell\u2019uso dei protocolli di comunicazione di internet. Si tratta di informazioni che non sono raccolte per essere associate a interessati identificati, ma che per loro stessa natura potrebbero, attraverso elaborazioni ed associazioni con dati detenuti da terzi, permettere di identificare gli utenti. In questa categoria di dati rientrano gli indirizzi IP o i nomi a dominio dei computer utilizzati dagli utenti che si connettono al sito, gli indirizzi in notazione URI (Uniform Resource Identifier) delle risorse richieste, l\u2019orario della richiesta, il metodo utilizzato nel sottoporre la richiesta al server, la dimensione del file ottenuto in risposta, il codice numerico indicante lo stato della risposta data dal server (buon fine, errore ..) ed altri parametri relativi al sistema operativo e all\u2019ambiente informatico dell\u2019utente. Questi dati vengono utilizzati al solo fine di ricavare informazioni statistiche anonime sull\u2019uso del sito e per controllarne il corretto funzionamento e vengono cancellati immediatamente dopo l\u2019elaborazione. I dati potrebbero essere utilizzati per l\u2019accertamento di responsabilit\u00e0 in caso di ipotetici reati informatici ai danni del sito.<\/p>\n\n\n\n<p>L\u2019invio facoltativo, esplicito e volontario di posta elettronica agli indirizzi indicati su questo sito comporta la successiva acquisizione dell\u2019indirizzo del mittente, necessario per rispondere alle richieste, nonch\u00e9 degli eventuali altri dati personali inseriti nella missiva.<\/p>\n\n\n\n<p>Il trattamento dei dati \u00e8 finalizzato per le seguenti finalit\u00e0:<\/p>\n\n\n\n<p>1.a) gestione dei rapporti con la clientela (gestione delle prenotazioni, emissione di fatture, preventivi), a eseguire eventuali obblighi contrattuali;<\/p>\n\n\n\n<p>1.b) adempiere agli obblighi normativi, in particolare quelli contabili e fiscali;<\/p>\n\n\n\n<p>1.c) Inerenti al servizio:<\/p>\n\n\n\n<p>a) all\u2019invio (previo Suo consenso scritto) di offerte promozionali sui nostri servizi e aggiornamento sulle tariffe e sulle offerte praticate nonch\u00e9 di auguri a mezzo posta ordinaria o tramite fax o email;<\/p>\n\n\n\n<p>b) a dare esecuzione (previo Suo consenso scritto) a servizi alberghieri quali la comunicazione esterna dei dati relativi al Suo soggiorno al fine esclusivo di consentire la funzione di ricevimento oggetti, messaggi e telefonate a Lei indirizzate.<\/p>\n\n\n\n<p>c) trattare, previo consenso scritto, i dati cd. sensibili da te volontariamente trasmessi al fine di offrire un migliore livello di ospitalit\u00e0 presso la nostra struttura alberghiera. Possiamo utilizzare il tuo indirizzo di posta elettronica per inviarti, previo tuo consenso scritto, le nostre newletters, i nostri auguri per le festivit\u00e0.<\/p>\n\n\n\n<p>Per quanto riguarda gli scopi indicati al punto 1.c lett. a) ci basiamo sull&#8217;esecuzione di un contratto: l&#8217;uso dei tuoi dati potrebbe essere necessario per poter dare attuazione al contratto che hai con noi. Per esempio, se usi i nostri servizi per fare una prenotazione online, utilizzeremo i tuoi dati per eseguire il nostro obbligo di completare e gestire la prenotazione, in virt\u00f9 del contratto che intercorre tra di noi.<\/p>\n\n\n\n<p>Per quanto riguarda gli scopi al punto 1.c lett. b) e c) , ci basiamo sugli interessi legittimi: utilizziamo le tue informazioni per nostri legittimi interessi, per scopi amministrativi, legali o per l&#8217;individuazione di frodi. Quando usiamo i dati personali per i nostri legittimi interessi, bilanceremo sempre i tuoi diritti e i tuoi interessi in merito alla protezione dei tuoi dati personali con i nostri diritti e i nostri interessi.<\/p>\n\n\n\n<p>Per quanto riguardo lo scopo al punto 1.c lett. c), ci basiamo anche sul nostro obbligo di rispettare la normativa vigente.<\/p>\n\n\n\n<p>Per quanto concerne le finalit\u00e0 indicate nel punto 1.c lettera a) in base alla normativa vigente, chiederemo il tuo consenso per le finalit\u00e0 in esse indicate prima di elaborare le tue informazioni personali che potrai rimuovere in qualunque momento, contattandoci agli indirizzi menzionati alla fine di questa informativa.<\/p>\n\n\n\n<p><strong>2. Il trattamento sar\u00e0 effettuato con le seguenti modalit\u00e0:<\/strong><\/p>\n\n\n\n<p>I dati personali sono trattati con strumenti informatici automatizzati, per il tempo necessario a conseguire lo scopo per il quale sono stati raccolti. Specifiche misure di sicurezza sono osservate per prevenire la perdita dei dati, usi illeciti o non corretti ed accessi non autorizzati.<\/p>\n\n\n\n<p><strong>3. Il conferimento dei dati:<\/strong><\/p>\n\n\n\n<p>A parte quanto specificato per i dati di navigazione, l\u2019utente \u00e8 libero di fornire i dati personali per richiedere i servizi offerti dalla societ\u00e0. Il loro mancato conferimento pu\u00f2 comportare l\u2019impossibilit\u00e0 di ottenere il servizio richiesto.<\/p>\n\n\n\n<p><strong>4. Destinatari dei dati:<\/strong><\/p>\n\n\n\n<p>I dati oggetto del trattamento non saranno diffusi, venduti o scambiati con soggetti terzi senza il consenso espresso dall\u2019interessato. L&#8217;ambito di comunicazione dei dati \u00e8 limitato esclusivamente ai soggetti competenti per l&#8217;adempimento delle operazioni contrattuali e l&#8217;osservanza di obblighi di legge. Essi pertanto potranno essere comunicati a terzi appartenenti alle seguenti categorie:<\/p>\n\n\n\n<p>soggetti&nbsp; che forniscono servizi per la gestione del sistema informativo;<\/p>\n\n\n\n<p>studi o societ\u00e0 nell&#8217;ambito di rapporti di assistenza e consulenza;<\/p>\n\n\n\n<p>Amministrazioni, Enti pubblici e Autorit\u00e0 competenti, per adempimenti di obblighi di leggi e\/o di disposizioni di organi pubblici;<\/p>\n\n\n\n<p>societ\u00e0 del Gruppo e\/o della rete di imprese o soggetti privati direttamente coinvolti nell&#8217;adempimento della prestazione o legittimati a conoscere i dati in base alla legge. In ogni caso, ai soggetti citati saranno comunicati solo i dati necessari e pertinenti rispetto alle finalit\u00e0 del trattamento cui sono preposti.<\/p>\n\n\n\n<p>I dati personali forniti dagli utenti che inoltrano richieste di invio di materiale in merito al servizio richiesto (oppure anche solo di carattere informativo) sono utilizzati al solo fine di eseguire il servizio o la prestazione richiesta e sono comunicati a terzi solo se necessario e se coinvolte e funzionali all&#8217;espletamento del servizio a noi richiesto.<\/p>\n\n\n\n<p>Il Titolare del trattamento non trasferisce i dati personali in paesi terzi o a organizzazioni internazionali.<\/p>\n\n\n\n<p id=\"cookie\"><strong>5. Informativa estesa sull&#8217;utilizzo dei cookie.<\/strong><\/p>\n\n\n\n<p>Questo sito web utilizza cookie e tecnologie simili per garantire il corretto funzionamento delle procedure e migliorare l&#8217;esperienza di uso delle applicazioni online. Il presente documento fornisce informazioni dettagliate sull&#8217;uso dei cookie e di tecnologie similari, su come sono utilizzati dal sito e su come gestirli.<\/p>\n\n\n\n<p>Confermando la visione della presente informativa o facendo uso del nostro Sito, si acconsente al nostro utilizzo di cookie in conformit\u00e0 con la presente Cookie Policy. Se non si acconsente al nostro utilizzo di cookie, occorre impostare il proprio browser in modo appropriato oppure non usare il Sito stesso. Se si decide di disabilitare i cookie che impieghiamo, ci\u00f2 potrebbe influenzare l&#8217;esperienza dell&#8217;utente mentre si trova sul Sito.<\/p>\n\n\n\n<p>Definizioni<\/p>\n\n\n\n<p>I cookie sono brevi frammenti di testo (lettere e\/o numeri) che permettono al server web di memorizzare sul client (il browser) informazioni da riutilizzare nel corso della medesima visita al sito (cookie di sessione) o in seguito, anche a distanza di giorni (cookie persistenti). I cookie vengono memorizzati, in base alle preferenze dell&#8217;utente, dal singolo browser sullo specifico dispositivo utilizzato (computer, tablet, smartphone).<\/p>\n\n\n\n<p>Tecnologie similari, come, ad esempio, web beacon, GIF trasparenti e tutte le forme di storage locale introdotte con HTML5, sono utilizzabili per raccogliere informazioni sul comportamento dell&#8217;utente e sull&#8217;utilizzo dei servizi.<\/p>\n\n\n\n<p>Nel seguito di questo documento faremo riferimento ai cookie e a tutte le tecnologie similari utilizzando semplicemente il termine &#8222;cookie&#8220;.<\/p>\n\n\n\n<p>Tipologie di cookie<\/p>\n\n\n\n<p>In base alle caratteristiche e all&#8217;utilizzo dei cookie possiamo distinguere diverse categorie:<\/p>\n\n\n\n<p>Cookie strettamente necessari. Si tratta di cookie indispensabili per il corretto funzionamento del sito. La durata dei cookie \u00e8 strettamente limitata alla sessione di lavoro (chiuso il browser vengono cancellati).<\/p>\n\n\n\n<p>Cookie di analisi e prestazioni. Sono cookie utilizzati per raccogliere e analizzare il traffico e l&#8217;utilizzo del sito in modo anonimo. Questi cookie, pur senza identificare l&#8217;utente, consentono, per esempio, di rilevare se il medesimo utente torna a collegarsi in momenti diversi. Permettono inoltre di monitorare il sistema e migliorarne le prestazioni e l&#8217;usabilit\u00e0. La disattivazione di tali cookie pu\u00f2 essere eseguita senza alcuna perdita di funzionalit\u00e0.<\/p>\n\n\n\n<p>Cookie di profilazione. Si tratta di cookie permanenti utilizzati per identificare (in modo anonimo e non) le preferenze dell&#8217;utente e migliorare la sua esperienza di navigazione. Il sito non utilizza cookie di questo tipo.<\/p>\n\n\n\n<p>Cookie di terze parti<\/p>\n\n\n\n<p>Visitando il sito web si possono ricevere cookie sia dal sito visitato (&#8222;proprietari&#8220;), sia da siti gestiti da altre organizzazioni (&#8222;terze parti&#8220;). Un esempio notevole \u00e8 rappresentato dalla presenza dei &#8222;social plugin&#8220; per Facebook, Twitter, Google+ e LinkedIn. Si tratta di parti della pagina visitata generate direttamente dai suddetti siti ed integrati nella pagina del sito ospitante. L&#8217;utilizzo pi\u00f9 comune dei social plugin \u00e8 finalizzato alla condivisione dei contenuti sui social network.<\/p>\n\n\n\n<p>La presenza di questi plugin comporta la trasmissione di cookie da e verso tutti i siti gestiti da terze parti. La gestione delle informazioni raccolte da &#8222;terze parti&#8220; \u00e8 disciplinata dalle relative informative cui si prega di fare riferimento. Per garantire una maggiore trasparenza e comodit\u00e0, si riportano qui di seguito gli indirizzi web delle diverse informative e delle modalit\u00e0 per la gestione dei cookie.<\/p>\n\n\n\n<p>Evenutali plugin e relative privacy:<\/p>\n\n\n\n<p>Facebook informativa: https:\/\/www.facebook.com\/help\/cookies\/<\/p>\n\n\n\n<p>Google+, Google Maps, Youtube, ecc. informativa: http:\/\/www.google.it\/intl\/it\/policies\/technologies\/cookies\/<\/p>\n\n\n\n<p>Tripadvisor informativa: http:\/\/www.tripadvisor.it\/pages\/privacy.html<\/p>\n\n\n\n<p>Ilmeteo.it informativa: <a href=\"http:\/\/www.ilmeteo.it\/portale\/privacy\">http:\/\/www.ilmeteo.it\/portale\/privacy<\/a><\/p>\n\n\n\n<p><a href=\"https:\/\/help.instagram.com\/1896641480634370\">https:\/\/help.instagram.com\/1896641480634370<\/a><\/p>\n\n\n\n<p>Google Analytics<\/p>\n\n\n\n<p>Il sito potrebbe includere anche talune componenti trasmesse da Google Analytics, un servizio di analisi del traffico web fornito da Google, Inc. (&#8222;Google&#8220;). Anche in questo caso si tratta di cookie di terze parti raccolti e gestiti in modo anonimo per monitorare e migliorare le prestazioni del sito ospite (performance cookie).<\/p>\n\n\n\n<p>Google Analytics utilizza i &#8222;cookie&#8220; per raccogliere e analizzare in forma anonima le informazioni sui comportamenti di utilizzo del sito (compreso l&#8217;indirizzo IP dell&#8217;utente). Tali informazioni vengono raccolte da Google Analytics, che le elabora allo scopo di redigere report per gli operatori del sito riguardanti le attivit\u00e0 sul sito web stesso. Questo sito non utilizza (e non consente a terzi di utilizzare) lo strumento di analisi di Google per monitorare o per raccogliere informazioni personali di identificazione. Google non associa l&#8217;indirizzo IP a nessun altro dato posseduto da Google n\u00e9 cerca di collegare un indirizzo IP con l&#8217;identit\u00e0 di un utente. Google pu\u00f2 anche comunicare queste informazioni a terzi ove ci\u00f2 sia imposto dalla legge o laddove tali terzi trattino le suddette informazioni per conto di Google.<\/p>\n\n\n\n<p>Per ulteriori informazioni, si rinvia al link di seguito indicato:<\/p>\n\n\n\n<p><a href=\"https:\/\/www.google.it\/policies\/privacy\/partners\/\">https:\/\/www.google.it\/policies\/privacy\/partners\/<\/a><\/p>\n\n\n\n<p>L&#8217;utente pu\u00f2 disabilitare in modo selettivo l&#8217;azione di Google Analytics installando sul proprio browser la componente di opt-out fornito da Google. Per disabilitare l&#8217;azione di Google Analytics, si rinvia al link di seguito indicato:<\/p>\n\n\n\n<p><a href=\"https:\/\/tools.google.com\/dlpage\/gaoptout\">https:\/\/tools.google.com\/dlpage\/gaoptout<\/a><\/p>\n\n\n\n<p>Durata dei cookie<\/p>\n\n\n\n<p>Alcuni cookie (cookie di sessione) restano attivi solo fino alla chiusura del browser o all&#8217;esecuzione del comando di logout.&nbsp; Altri cookie &#8222;sopravvivono&#8220; alla chiusura del browser e sono disponibili anche in successive visite dell&#8217;utente. Questi cookie sono detti persistenti e la loro durata \u00e8 fissata dal server al momento della loro creazione. In alcuni casi \u00e8 fissata una scadenza, in altri casi la durata \u00e8 illimitata.<\/p>\n\n\n\n<p>Il Sito non fa uso di cookie persistenti eccetto eventualmente quello tecnico di conferma della visione di questa informativa Cookie Policy per una durata massima di 6 mesi.<\/p>\n\n\n\n<p>Tuttavia, navigando sulle pagine del sito, si pu\u00f2 interagire con siti gestiti da terze parti che possono creare o modificare cookie permanenti e di profilazione.<\/p>\n\n\n\n<p>Come posso controllare l&#8217;installazione di Cookie?<\/p>\n\n\n\n<p>In aggiunta a quanto indicato in questo documento, l&#8217;Utente pu\u00f2 gestire le preferenze relative ai Cookie direttamente all&#8217;interno del proprio browser ed impedire \u2013 ad esempio \u2013 che terze parti possano installarne. Tramite le preferenze del browser \u00e8 inoltre possibile eliminare i Cookie installati in passato, incluso il Cookie in cui venga eventualmente salvato il consenso all&#8217;installazione di Cookie da parte di questo sito. \u00c8 importante notare che disabilitando tutti i Cookie, il funzionamento di questo sito potrebbe essere compromesso. L&#8217;Utente pu\u00f2 trovare informazioni su come gestire i Cookie nel suo browser.<\/p>\n\n\n\n<p>\u00c8 possibile inoltre visitare il sito, in lingua inglese, http:\/\/www.allaboutcookies.org\/ per informazioni su come poter gestire\/eliminare i cookie in base al tipo di browser utilizzato.<\/p>\n\n\n\n<p>In caso di servizi erogati da terze parti, l&#8217;Utente pu\u00f2 inoltre esercitare il proprio diritto ad opporsi al tracciamento informandosi tramite la privacy policy della terza parte, tramite il link di opt out se esplicitamente fornito o contattando direttamente la stessa.<\/p>\n\n\n\n<p>Note<\/p>\n\n\n\n<p>Dal momento che l&#8217;installazione di Cookie e di altri sistemi di tracciamento operata da terze parti tramite i servizi utilizzati all&#8217;interno di questa sito non pu\u00f2 essere tecnicamente controllata dal Titolare, ogni riferimento specifico a Cookie e sistemi di tracciamento installati da terze parti \u00e8 da considerarsi indicativo. Per ottenere informazioni complete, consulta la privacy policy degli eventuali servizi terzi elencati in questo documento.<\/p>\n\n\n\n<p>Vista l&#8217;oggettiva complessit\u00e0 legata all&#8217;identificazione delle tecnologie basate sui Cookie ed alla loro integrazione molto stretta con il funzionamento del web, l&#8217;Utente \u00e8 invitato a contattare il Titolare qualora volesse ricevere qualunque approfondimento relativo all&#8217;utilizzo dei Cookie stessi e ad eventuali utilizzi degli stessi \u2013 ad esempio ad opera di terzi \u2013 effettuati tramite questo sito.<\/p>\n\n\n\n<p><strong>6. Trattamento dati:<\/strong><\/p>\n\n\n\n<p>I dati saranno trattati per il tempo strettamente necessario alla fornitura del servizio richiesto. Mentre i dati relativi alle cookie policies per il tempo strettamente necessario all\u2019utilizzo intelligibile del portale web.<\/p>\n\n\n\n<p><strong>7. Il titolare del trattamento \u00e8: HOTEL MARIO DI SPECA LODOVICO Via Alessandro Volta, 190 &#8211; 63074 San Benedetto del Tronto (AP)<\/strong><\/p>\n\n\n\n<p><strong>8. In ogni momento potr\u00e0 esercitare i Suoi diritti nei confronti del titolare del trattamento, anche per quanto riguarda la revoca del consenso, ai sensi degli artt. 6,15,16,17,18,19,20,21 del Reg. 679\/2016 UE, inoltrando richiesta a Hotel Mario presso l\u2019indirizzo email info@hotel-mario.com.<\/strong><\/p>\n\n\n\n<p><strong>9. Potr\u00e0 proporre reclamo all\u2019Autorit\u00e0 di controllo ai sensi del par. 2 lett. d) art. 13 Reg. 679\/2016 UE.<\/strong><\/p>\n\n\n\n<p><strong>10. Processi decisionali automatizzati<\/strong><\/p>\n\n\n\n<p>Il Titolare non effettua trattamenti che consistano in processi decisionali automatizzati.<\/p>\n\n\n\n<p id=\"azienda\"><strong>Dati aziendali<\/strong><\/p>\n\n\n\n<p><strong>HOTEL MARIO DI SPECA LODOVICO<\/strong><\/p>\n\n\n\n<p>Via Alessandro Volta, 190 &#8211; 63074 San Benedetto del Tronto (AP)<\/p>\n\n\n\n<p>P.iva 01592440448 <\/p>\n\n\n\n<p>Cod. Fisc. SPCLVC59D13H769N<\/p>\n\n\n\n<p>PEC: speca.lodovico@postcert.it<\/p>\n","protected":false},"excerpt":{"rendered":"<p>Informativa ex art. 13 Reg. 679\/2016 UE Gentile Signore\/a, Ai sensi del Regolamento 679\/2016 UE, nonch\u00e9 ai sensi del Provvedimento&#8230;<\/p>\n","protected":false},"author":1,"featured_media":0,"parent":0,"menu_order":0,"comment_status":"closed","ping_status":"open","template":"","meta":[],"yoast_head":"<!-- This site is optimized with the Yoast SEO plugin v19.4 - https:\/\/yoast.com\/wordpress\/plugins\/seo\/ -->\n<title>Privacy Policy - Hotel Mario<\/title>\n<meta name=\"robots\" content=\"index, follow, max-snippet:-1, max-image-preview:large, max-video-preview:-1\" \/>\n<link rel=\"canonical\" href=\"https:\/\/www.hotel-mario.com\/de\/privacy-policy\/\" \/>\n<meta property=\"og:locale\" content=\"de_DE\" \/>\n<meta property=\"og:type\" content=\"article\" \/>\n<meta property=\"og:title\" content=\"Privacy Policy - Hotel Mario\" \/>\n<meta property=\"og:description\" content=\"Informativa ex art. 13 Reg. 679\/2016 UE Gentile Signore\/a, Ai sensi del Regolamento 679\/2016 UE, nonch\u00e9 ai sensi del Provvedimento...\" \/>\n<meta property=\"og:url\" content=\"https:\/\/www.hotel-mario.com\/de\/privacy-policy\/\" \/>\n<meta property=\"og:site_name\" content=\"Hotel Mario\" \/>\n<meta property=\"article:modified_time\" content=\"2023-05-29T10:46:37+00:00\" \/>\n<meta name=\"twitter:card\" content=\"summary_large_image\" \/>\n<meta name=\"twitter:label1\" content=\"Gesch\u00e4tzte Lesezeit\" \/>\n\t<meta name=\"twitter:data1\" content=\"15 Minuten\" \/>\n<script type=\"application\/ld+json\" class=\"yoast-schema-graph\">{\"@context\":\"https:\/\/schema.org\",\"@graph\":[{\"@type\":\"WebSite\",\"@id\":\"https:\/\/www.hotel-mario.com\/#website\",\"url\":\"https:\/\/www.hotel-mario.com\/\",\"name\":\"Hotel Mario\",\"description\":\"Hotel 3 stelle a San Benedetto del Tronto\",\"potentialAction\":[{\"@type\":\"SearchAction\",\"target\":{\"@type\":\"EntryPoint\",\"urlTemplate\":\"https:\/\/www.hotel-mario.com\/?s={search_term_string}\"},\"query-input\":\"required name=search_term_string\"}],\"inLanguage\":\"de-DE\"},{\"@type\":\"WebPage\",\"@id\":\"https:\/\/www.hotel-mario.com\/de\/privacy-policy\/\",\"url\":\"https:\/\/www.hotel-mario.com\/de\/privacy-policy\/\",\"name\":\"Privacy Policy - Hotel Mario\",\"isPartOf\":{\"@id\":\"https:\/\/www.hotel-mario.com\/#website\"},\"datePublished\":\"2022-05-24T15:15:09+00:00\",\"dateModified\":\"2023-05-29T10:46:37+00:00\",\"breadcrumb\":{\"@id\":\"https:\/\/www.hotel-mario.com\/de\/privacy-policy\/#breadcrumb\"},\"inLanguage\":\"de-DE\",\"potentialAction\":[{\"@type\":\"ReadAction\",\"target\":[\"https:\/\/www.hotel-mario.com\/de\/privacy-policy\/\"]}]},{\"@type\":\"BreadcrumbList\",\"@id\":\"https:\/\/www.hotel-mario.com\/de\/privacy-policy\/#breadcrumb\",\"itemListElement\":[{\"@type\":\"ListItem\",\"position\":1,\"name\":\"Privacy Policy\"}]}]}<\/script>\n<!-- \/ Yoast SEO plugin. -->","yoast_head_json":{"title":"Privacy Policy - Hotel Mario","robots":{"index":"index","follow":"follow","max-snippet":"max-snippet:-1","max-image-preview":"max-image-preview:large","max-video-preview":"max-video-preview:-1"},"canonical":"https:\/\/www.hotel-mario.com\/de\/privacy-policy\/","og_locale":"de_DE","og_type":"article","og_title":"Privacy Policy - Hotel Mario","og_description":"Informativa ex art. 13 Reg. 679\/2016 UE Gentile Signore\/a, Ai sensi del Regolamento 679\/2016 UE, nonch\u00e9 ai sensi del Provvedimento...","og_url":"https:\/\/www.hotel-mario.com\/de\/privacy-policy\/","og_site_name":"Hotel Mario","article_modified_time":"2023-05-29T10:46:37+00:00","twitter_card":"summary_large_image","twitter_misc":{"Gesch\u00e4tzte Lesezeit":"15 Minuten"},"schema":{"@context":"https:\/\/schema.org","@graph":[{"@type":"WebSite","@id":"https:\/\/www.hotel-mario.com\/#website","url":"https:\/\/www.hotel-mario.com\/","name":"Hotel Mario","description":"Hotel 3 stelle a San Benedetto del Tronto","potentialAction":[{"@type":"SearchAction","target":{"@type":"EntryPoint","urlTemplate":"https:\/\/www.hotel-mario.com\/?s={search_term_string}"},"query-input":"required name=search_term_string"}],"inLanguage":"de-DE"},{"@type":"WebPage","@id":"https:\/\/www.hotel-mario.com\/de\/privacy-policy\/","url":"https:\/\/www.hotel-mario.com\/de\/privacy-policy\/","name":"Privacy Policy - Hotel Mario","isPartOf":{"@id":"https:\/\/www.hotel-mario.com\/#website"},"datePublished":"2022-05-24T15:15:09+00:00","dateModified":"2023-05-29T10:46:37+00:00","breadcrumb":{"@id":"https:\/\/www.hotel-mario.com\/de\/privacy-policy\/#breadcrumb"},"inLanguage":"de-DE","potentialAction":[{"@type":"ReadAction","target":["https:\/\/www.hotel-mario.com\/de\/privacy-policy\/"]}]},{"@type":"BreadcrumbList","@id":"https:\/\/www.hotel-mario.com\/de\/privacy-policy\/#breadcrumb","itemListElement":[{"@type":"ListItem","position":1,"name":"Privacy Policy"}]}]}},"_links":{"self":[{"href":"https:\/\/www.hotel-mario.com\/de\/wp-json\/wp\/v2\/pages\/3539"}],"collection":[{"href":"https:\/\/www.hotel-mario.com\/de\/wp-json\/wp\/v2\/pages"}],"about":[{"href":"https:\/\/www.hotel-mario.com\/de\/wp-json\/wp\/v2\/types\/page"}],"author":[{"embeddable":true,"href":"https:\/\/www.hotel-mario.com\/de\/wp-json\/wp\/v2\/users\/1"}],"replies":[{"embeddable":true,"href":"https:\/\/www.hotel-mario.com\/de\/wp-json\/wp\/v2\/comments?post=3539"}],"version-history":[{"count":1,"href":"https:\/\/www.hotel-mario.com\/de\/wp-json\/wp\/v2\/pages\/3539\/revisions"}],"predecessor-version":[{"id":3685,"href":"https:\/\/www.hotel-mario.com\/de\/wp-json\/wp\/v2\/pages\/3539\/revisions\/3685"}],"wp:attachment":[{"href":"https:\/\/www.hotel-mario.com\/de\/wp-json\/wp\/v2\/media?parent=3539"}],"curies":[{"name":"wp","href":"https:\/\/api.w.org\/{rel}","templated":true}]}}